{"id":2904,"date":"2021-06-21T13:51:50","date_gmt":"2021-06-21T13:51:50","guid":{"rendered":"https:\/\/artfotostudio.pl\/index.php\/blog-masonry\/"},"modified":"2026-04-15T13:04:39","modified_gmt":"2026-04-15T13:04:39","slug":"blog-artfoto","status":"publish","type":"page","link":"https:\/\/artfotostudio.pl\/blog-artfoto\/","title":{"rendered":"Blog"},"content":{"rendered":"\t\t<div data-elementor-type=\"wp-page\" data-elementor-id=\"2904\" class=\"elementor elementor-2904\">\n\t\t\t\t\t\t<section class=\"elementor-section elementor-top-section elementor-element elementor-element-c0a6562 elementor-section-boxed elementor-section-height-default elementor-section-height-default\" data-id=\"c0a6562\" data-element_type=\"section\" data-e-type=\"section\">\n\t\t\t\t\t\t<div class=\"elementor-container elementor-column-gap-default\">\n\t\t\t\t\t<div class=\"elementor-column elementor-col-100 elementor-top-column elementor-element elementor-element-53b52b6\" data-id=\"53b52b6\" data-element_type=\"column\" data-e-type=\"column\">\n\t\t\t<div class=\"elementor-widget-wrap elementor-element-populated\">\n\t\t\t\t\t\t<div class=\"elementor-element elementor-element-3b7b675 elementor-widget elementor-widget-yprm_heading\" data-id=\"3b7b675\" data-element_type=\"widget\" data-e-type=\"widget\" data-widget_type=\"yprm_heading.default\">\n\t\t\t\t<div class=\"elementor-widget-container\">\n\t\t\t\t\t\t\t\t<div class=\"heading-block tac\">\n\t\t\t\t                  <h1 class=\"h\">ArtFoto Studio Blog<\/h1>\n        \t\t\t<\/div>\n      \t\t\t\t\t\t<\/div>\n\t\t\t\t<\/div>\n\t\t\t\t\t<\/div>\n\t\t<\/div>\n\t\t\t\t\t<\/div>\n\t\t<\/section>\n\t\t\t\t<section class=\"elementor-section elementor-top-section elementor-element elementor-element-955649f elementor-section-boxed elementor-section-height-default elementor-section-height-default\" data-id=\"955649f\" data-element_type=\"section\" data-e-type=\"section\">\n\t\t\t\t\t\t<div class=\"elementor-container elementor-column-gap-default\">\n\t\t\t\t\t<div class=\"elementor-column elementor-col-100 elementor-top-column elementor-element elementor-element-ebfb748\" data-id=\"ebfb748\" data-element_type=\"column\" data-e-type=\"column\">\n\t\t\t<div class=\"elementor-widget-wrap elementor-element-populated\">\n\t\t\t\t\t\t<div class=\"elementor-element elementor-element-f842570 elementor-widget elementor-widget-yprm_blog\" data-id=\"f842570\" data-element_type=\"widget\" data-e-type=\"widget\" data-settings=\"{&quot;type&quot;:&quot;masonry&quot;,&quot;cols_xs&quot;:1,&quot;cols_sm&quot;:2,&quot;cols_md&quot;:3}\" data-widget_type=\"yprm_blog.default\">\n\t\t\t\t<div class=\"elementor-widget-container\">\n\t\t\t\t\t\r\n\t\t<div class=\"blog-block elementor-block\">\r\n\t\t\t\t\t\t<div class=\"isotope row blog-type-masonry load-wrap blog-items\">\r\n        <div class=\"grid-sizer col-1\"><\/div>\r\n\t\t\t\t\r\n\t\t<article class=\"blog-item istp-item col-12 col-sm-6 col-md-4 with-image with-author category-1\">\r\n\t\t\t<div class=\"wrap\">\r\n\t\t\t\t\t\t\t\t\t<div class=\"img\">\r\n\t\t\t\t\t\t<div class=\"author-info-block\">\r\n\t\t\t<div class=\"author-info-avatar\" style=\"background-image: url(https:\/\/secure.gravatar.com\/avatar\/11c79b04a7e59921db8dc6fe0f052f50b9a6088c3c275963e92682ecdd35c1cb?s=96&d=mm&r=g)\"><\/div>\r\n\t\t\t<div class=\"author-info-content\">\r\n\t\t\t\t<div class=\"name\">ArtFoto<\/div>\r\n\t\t\t\t\t\t<div class=\"date\">11 maja, 2023<\/div>\r\n\t\t\t\t\t<\/div>\r\n\t\t<\/div>\r\n\t\t\t\t\t\t<a href=\"https:\/\/artfotostudio.pl\/jak-wybrac-idealnego-fotografa-na-slub\/\" data-original=\"https:\/\/artfotostudio.pl\/wp-content\/uploads\/2023\/05\/DSC_2403-2-1-e1684876630755.jpg\">\r\n\t\t\t\t\t<img fetchpriority=\"high\" decoding=\"async\" width=\"768\" height=\"1024\" src=\"https:\/\/artfotostudio.pl\/wp-content\/uploads\/2023\/05\/DSC_2403-2-1-e1684876630755-768x1024.jpg\" class=\"attachment-large size-large\" alt=\"\" srcset=\"https:\/\/artfotostudio.pl\/wp-content\/uploads\/2023\/05\/DSC_2403-2-1-e1684876630755-768x1024.jpg 768w, https:\/\/artfotostudio.pl\/wp-content\/uploads\/2023\/05\/DSC_2403-2-1-e1684876630755-225x300.jpg 225w, https:\/\/artfotostudio.pl\/wp-content\/uploads\/2023\/05\/DSC_2403-2-1-e1684876630755-53x70.jpg 53w, https:\/\/artfotostudio.pl\/wp-content\/uploads\/2023\/05\/DSC_2403-2-1-e1684876630755-600x800.jpg 600w, https:\/\/artfotostudio.pl\/wp-content\/uploads\/2023\/05\/DSC_2403-2-1-e1684876630755.jpg 900w\" sizes=\"(max-width: 768px) 100vw, 768px\" \/>\t\t\t\t<\/a>\r\n\t\t\t<\/div>\r\n\t\t\t\t\t\t\t\t<div class=\"content\">\r\n\t\t\t\t\t\t\t\t\t\t\t\t<h5>\r\n\t\t\t<a class=\"title\" href=\"https:\/\/artfotostudio.pl\/jak-wybrac-idealnego-fotografa-na-slub\/\">Jak wybra\u0107 idealnego fotografa na \u015blub?<\/a>\r\n\t\t<\/h5>\r\n\t\t\t\t\t\t\t\t\t\t\t\t\t\t<div class=\"desc\"><p>Jak wybra\u0107 idealnego fotografa na \u015blub?<\/p>\n<p>Planowanie \u015blubu to nie lada wyzwanie. Jednym z kluczowych element\u00f3w jest wyb\u00f3r odpo...<\/p>\n<\/div>\r\n\t\t\t\t\t\t\t\t\t<a href=\"https:\/\/artfotostudio.pl\/jak-wybrac-idealnego-fotografa-na-slub\/\" class=\"button-style2\">\r\n\t\t\tRead More\t\t<\/a>\r\n\t\t\t\t\t\t<\/div>\r\n        <div class=\"clear\"><\/div>\r\n        \t\t<div class=\"bottom\">\r\n\t\t\t\t\t\t\t<div class=\"col\">\r\n\t\t\t\t\t<a href=\"#\" class=\"zilla-likes\" id=\"zilla-likes-3537\" title=\"Like this\" data-postfix=\" like\"><i class=\"multimedia-icon-heart\"><\/i> <span>0 likes<\/span><\/a>\t\t\t\t<\/div>\r\n\t\t\t\t\t\t\t\t\t\t<div class=\"col\">\r\n\t\t\t\t\t<i class=\"multimedia-icon-speech-bubble-1\"><\/i>\r\n\t\t\t\t\t<a href=\"https:\/\/artfotostudio.pl\/jak-wybrac-idealnego-fotografa-na-slub\/#comments\">Brak komentarzy<\/a>\r\n\t\t\t\t<\/div>\r\n\t\t\t\t\t<\/div>\r\n\t\t\t\t\t<\/div>\r\n\t\t<\/article>\r\n\t\t\t\t\t<\/div>\r\n\t\t\t\t\t<\/div>\r\n\r\n    \t\t\t\t<\/div>\n\t\t\t\t<\/div>\n\t\t\t\t\t<\/div>\n\t\t<\/div>\n\t\t\t\t\t<\/div>\n\t\t<\/section>\n\t\t\t\t<\/div>\n\t\t","protected":false},"excerpt":{"rendered":"<p>ArtFoto Studio Blog ArtFoto 11 maja, 2023 Jak wybra\u0107 idealnego fotografa na \u015blub? Jak wybra\u0107 idealnego fotografa na \u015blub? Planowanie \u015blubu to nie lada wyzwanie. Jednym z kluczowych element\u00f3w jest wyb\u00f3r odpo&#8230; Read More 0 likes Brak komentarzy ArtFoto 15 wrze\u015bnia, 2017 Wish You Were Here Lorem ipsum dolor sit amet, consectetur adipisicing elit, sed [&hellip;]<\/p>\n","protected":false},"author":1,"featured_media":0,"parent":0,"menu_order":0,"comment_status":"closed","ping_status":"closed","template":"template-landing.php","meta":{"_acf_changed":false,"footnotes":""},"class_list":["post-2904","page","type-page","status-publish","hentry"],"acf":[],"yoast_head":"<!-- This site is optimized with the Yoast SEO plugin v27.4 - https:\/\/yoast.com\/product\/yoast-seo-wordpress\/ -->\n<title>Blog - ArtFoto Studio - Fotografia Bia\u0142ystok<\/title>\n<meta name=\"robots\" content=\"index, follow, max-snippet:-1, max-image-preview:large, max-video-preview:-1\" \/>\n<link rel=\"canonical\" href=\"https:\/\/artfotostudio.pl\/blog-artfoto\/\" \/>\n<meta property=\"og:locale\" content=\"pl_PL\" \/>\n<meta property=\"og:type\" content=\"article\" \/>\n<meta property=\"og:title\" content=\"Blog - ArtFoto Studio - Fotografia Bia\u0142ystok\" \/>\n<meta property=\"og:description\" content=\"ArtFoto Studio Blog ArtFoto 11 maja, 2023 Jak wybra\u0107 idealnego fotografa na \u015blub? Jak wybra\u0107 idealnego fotografa na \u015blub? Planowanie \u015blubu to nie lada wyzwanie. Jednym z kluczowych element\u00f3w jest wyb\u00f3r odpo&#8230; Read More 0 likes Brak komentarzy ArtFoto 15 wrze\u015bnia, 2017 Wish You Were Here Lorem ipsum dolor sit amet, consectetur adipisicing elit, sed [&hellip;]\" \/>\n<meta property=\"og:url\" content=\"https:\/\/artfotostudio.pl\/blog-artfoto\/\" \/>\n<meta property=\"og:site_name\" content=\"ArtFoto Studio - Fotografia Bia\u0142ystok\" \/>\n<meta property=\"article:modified_time\" content=\"2026-04-15T13:04:39+00:00\" \/>\n<meta property=\"og:image\" content=\"https:\/\/artfotostudio.pl\/wp-content\/uploads\/2023\/05\/DSC_2403-2-1-768x1024.jpg\" \/>\n<meta name=\"twitter:card\" content=\"summary_large_image\" \/>\n<meta name=\"twitter:label1\" content=\"Szacowany czas czytania\" \/>\n\t<meta name=\"twitter:data1\" content=\"3 minuty\" \/>\n<script type=\"application\/ld+json\" class=\"yoast-schema-graph\">{\"@context\":\"https:\\\/\\\/schema.org\",\"@graph\":[{\"@type\":\"WebPage\",\"@id\":\"https:\\\/\\\/artfotostudio.pl\\\/blog-artfoto\\\/\",\"url\":\"https:\\\/\\\/artfotostudio.pl\\\/blog-artfoto\\\/\",\"name\":\"Blog - ArtFoto Studio - Fotografia Bia\u0142ystok\",\"isPartOf\":{\"@id\":\"https:\\\/\\\/artfotostudio.pl\\\/#website\"},\"primaryImageOfPage\":{\"@id\":\"https:\\\/\\\/artfotostudio.pl\\\/blog-artfoto\\\/#primaryimage\"},\"image\":{\"@id\":\"https:\\\/\\\/artfotostudio.pl\\\/blog-artfoto\\\/#primaryimage\"},\"thumbnailUrl\":\"https:\\\/\\\/artfotostudio.pl\\\/wp-content\\\/uploads\\\/2023\\\/05\\\/DSC_2403-2-1-768x1024.jpg\",\"datePublished\":\"2021-06-21T13:51:50+00:00\",\"dateModified\":\"2026-04-15T13:04:39+00:00\",\"breadcrumb\":{\"@id\":\"https:\\\/\\\/artfotostudio.pl\\\/blog-artfoto\\\/#breadcrumb\"},\"inLanguage\":\"pl-PL\",\"potentialAction\":[{\"@type\":\"ReadAction\",\"target\":[\"https:\\\/\\\/artfotostudio.pl\\\/blog-artfoto\\\/\"]}]},{\"@type\":\"ImageObject\",\"inLanguage\":\"pl-PL\",\"@id\":\"https:\\\/\\\/artfotostudio.pl\\\/blog-artfoto\\\/#primaryimage\",\"url\":\"https:\\\/\\\/artfotostudio.pl\\\/wp-content\\\/uploads\\\/2023\\\/05\\\/DSC_2403-2-1-768x1024.jpg\",\"contentUrl\":\"https:\\\/\\\/artfotostudio.pl\\\/wp-content\\\/uploads\\\/2023\\\/05\\\/DSC_2403-2-1-768x1024.jpg\"},{\"@type\":\"BreadcrumbList\",\"@id\":\"https:\\\/\\\/artfotostudio.pl\\\/blog-artfoto\\\/#breadcrumb\",\"itemListElement\":[{\"@type\":\"ListItem\",\"position\":1,\"name\":\"Strona g\u0142\u00f3wna\",\"item\":\"https:\\\/\\\/artfotostudio.pl\\\/\"},{\"@type\":\"ListItem\",\"position\":2,\"name\":\"Blog\"}]},{\"@type\":\"WebSite\",\"@id\":\"https:\\\/\\\/artfotostudio.pl\\\/#website\",\"url\":\"https:\\\/\\\/artfotostudio.pl\\\/\",\"name\":\"ArtFoto Studio - Fotografia Bia\u0142ystok\",\"description\":\"Fotograf Bia\u0142ystok \u2013 \u015bluby, chrzciny, sesje rodzinne\",\"potentialAction\":[{\"@type\":\"SearchAction\",\"target\":{\"@type\":\"EntryPoint\",\"urlTemplate\":\"https:\\\/\\\/artfotostudio.pl\\\/?s={search_term_string}\"},\"query-input\":{\"@type\":\"PropertyValueSpecification\",\"valueRequired\":true,\"valueName\":\"search_term_string\"}}],\"inLanguage\":\"pl-PL\"}]}<\/script>\n<!-- \/ Yoast SEO plugin. -->","yoast_head_json":{"title":"Blog - ArtFoto Studio - Fotografia Bia\u0142ystok","robots":{"index":"index","follow":"follow","max-snippet":"max-snippet:-1","max-image-preview":"max-image-preview:large","max-video-preview":"max-video-preview:-1"},"canonical":"https:\/\/artfotostudio.pl\/blog-artfoto\/","og_locale":"pl_PL","og_type":"article","og_title":"Blog - ArtFoto Studio - Fotografia Bia\u0142ystok","og_description":"ArtFoto Studio Blog ArtFoto 11 maja, 2023 Jak wybra\u0107 idealnego fotografa na \u015blub? Jak wybra\u0107 idealnego fotografa na \u015blub? Planowanie \u015blubu to nie lada wyzwanie. Jednym z kluczowych element\u00f3w jest wyb\u00f3r odpo&#8230; Read More 0 likes Brak komentarzy ArtFoto 15 wrze\u015bnia, 2017 Wish You Were Here Lorem ipsum dolor sit amet, consectetur adipisicing elit, sed [&hellip;]","og_url":"https:\/\/artfotostudio.pl\/blog-artfoto\/","og_site_name":"ArtFoto Studio - Fotografia Bia\u0142ystok","article_modified_time":"2026-04-15T13:04:39+00:00","og_image":[{"url":"https:\/\/artfotostudio.pl\/wp-content\/uploads\/2023\/05\/DSC_2403-2-1-768x1024.jpg","type":"","width":"","height":""}],"twitter_card":"summary_large_image","twitter_misc":{"Szacowany czas czytania":"3 minuty"},"schema":{"@context":"https:\/\/schema.org","@graph":[{"@type":"WebPage","@id":"https:\/\/artfotostudio.pl\/blog-artfoto\/","url":"https:\/\/artfotostudio.pl\/blog-artfoto\/","name":"Blog - ArtFoto Studio - Fotografia Bia\u0142ystok","isPartOf":{"@id":"https:\/\/artfotostudio.pl\/#website"},"primaryImageOfPage":{"@id":"https:\/\/artfotostudio.pl\/blog-artfoto\/#primaryimage"},"image":{"@id":"https:\/\/artfotostudio.pl\/blog-artfoto\/#primaryimage"},"thumbnailUrl":"https:\/\/artfotostudio.pl\/wp-content\/uploads\/2023\/05\/DSC_2403-2-1-768x1024.jpg","datePublished":"2021-06-21T13:51:50+00:00","dateModified":"2026-04-15T13:04:39+00:00","breadcrumb":{"@id":"https:\/\/artfotostudio.pl\/blog-artfoto\/#breadcrumb"},"inLanguage":"pl-PL","potentialAction":[{"@type":"ReadAction","target":["https:\/\/artfotostudio.pl\/blog-artfoto\/"]}]},{"@type":"ImageObject","inLanguage":"pl-PL","@id":"https:\/\/artfotostudio.pl\/blog-artfoto\/#primaryimage","url":"https:\/\/artfotostudio.pl\/wp-content\/uploads\/2023\/05\/DSC_2403-2-1-768x1024.jpg","contentUrl":"https:\/\/artfotostudio.pl\/wp-content\/uploads\/2023\/05\/DSC_2403-2-1-768x1024.jpg"},{"@type":"BreadcrumbList","@id":"https:\/\/artfotostudio.pl\/blog-artfoto\/#breadcrumb","itemListElement":[{"@type":"ListItem","position":1,"name":"Strona g\u0142\u00f3wna","item":"https:\/\/artfotostudio.pl\/"},{"@type":"ListItem","position":2,"name":"Blog"}]},{"@type":"WebSite","@id":"https:\/\/artfotostudio.pl\/#website","url":"https:\/\/artfotostudio.pl\/","name":"ArtFoto Studio - Fotografia Bia\u0142ystok","description":"Fotograf Bia\u0142ystok \u2013 \u015bluby, chrzciny, sesje rodzinne","potentialAction":[{"@type":"SearchAction","target":{"@type":"EntryPoint","urlTemplate":"https:\/\/artfotostudio.pl\/?s={search_term_string}"},"query-input":{"@type":"PropertyValueSpecification","valueRequired":true,"valueName":"search_term_string"}}],"inLanguage":"pl-PL"}]}},"jetpack_sharing_enabled":true,"_links":{"self":[{"href":"https:\/\/artfotostudio.pl\/wp-json\/wp\/v2\/pages\/2904","targetHints":{"allow":["GET"]}}],"collection":[{"href":"https:\/\/artfotostudio.pl\/wp-json\/wp\/v2\/pages"}],"about":[{"href":"https:\/\/artfotostudio.pl\/wp-json\/wp\/v2\/types\/page"}],"author":[{"embeddable":true,"href":"https:\/\/artfotostudio.pl\/wp-json\/wp\/v2\/users\/1"}],"replies":[{"embeddable":true,"href":"https:\/\/artfotostudio.pl\/wp-json\/wp\/v2\/comments?post=2904"}],"version-history":[{"count":13,"href":"https:\/\/artfotostudio.pl\/wp-json\/wp\/v2\/pages\/2904\/revisions"}],"predecessor-version":[{"id":3573,"href":"https:\/\/artfotostudio.pl\/wp-json\/wp\/v2\/pages\/2904\/revisions\/3573"}],"wp:attachment":[{"href":"https:\/\/artfotostudio.pl\/wp-json\/wp\/v2\/media?parent=2904"}],"curies":[{"name":"wp","href":"https:\/\/api.w.org\/{rel}","templated":true}]}}